{"id":917,"date":"2021-01-28T11:10:21","date_gmt":"2021-01-28T11:10:21","guid":{"rendered":"https:\/\/shop.restaurant-maulhelden.de\/?post_type=product&#038;p=917"},"modified":"2021-01-28T11:10:22","modified_gmt":"2021-01-28T11:10:22","slug":"grossmutters-impfstoff-hausgemachte-kraeftige-huehnerbruehe","status":"publish","type":"product","link":"https:\/\/maulhelden.typo38.de\/?product=grossmutters-impfstoff-hausgemachte-kraeftige-huehnerbruehe","title":{"rendered":"Gro\u00dfmutters &#8220;Impfstoff&#8221; &#8211; Hausgemachte kr\u00e4ftige H\u00fchnerbr\u00fche"},"content":{"rendered":"<p>250 ml von Oma\u00b4s Gefl\u00fcgelbr\u00fche mit reichlich Einlage und Quark-Rote Beete B\u00e4llchen.<br \/>\nHat schon vor Jahrzehnten gegen jede Erk\u00e4ltung funktioniert \ud83d\ude42<\/p>\n","protected":false},"excerpt":{"rendered":"<p>250 ml von Oma\u00b4s Gefl\u00fcgelbr\u00fche mit reichlich Einlage und Quark-Rote Beete B\u00e4llchen. Hat schon vor Jahrzehnten gegen jede Erk\u00e4ltung funktioniert \ud83d\ude42<\/p>\n","protected":false},"featured_media":918,"template":"","meta":[],"_links":{"self":[{"href":"https:\/\/maulhelden.typo38.de\/index.php?rest_route=\/wp\/v2\/product\/917"}],"collection":[{"href":"https:\/\/maulhelden.typo38.de\/index.php?rest_route=\/wp\/v2\/product"}],"about":[{"href":"https:\/\/maulhelden.typo38.de\/index.php?rest_route=\/wp\/v2\/types\/product"}],"wp:featuredmedia":[{"embeddable":true,"href":"https:\/\/maulhelden.typo38.de\/index.php?rest_route=\/wp\/v2\/media\/918"}],"wp:attachment":[{"href":"https:\/\/maulhelden.typo38.de\/index.php?rest_route=%2Fwp%2Fv2%2Fmedia&parent=917"}],"curies":[{"name":"wp","href":"https:\/\/api.w.org\/{rel}","templated":true}]}}