{"id":908,"date":"2021-01-27T23:06:27","date_gmt":"2021-01-27T23:06:27","guid":{"rendered":"https:\/\/shop.restaurant-maulhelden.de\/?post_type=product&#038;p=908"},"modified":"2021-02-18T13:25:23","modified_gmt":"2021-02-18T13:25:23","slug":"krustebraten-mit-weissbiersauce-karotten","status":"publish","type":"product","link":"https:\/\/maulhelden.typo38.de\/?product=krustebraten-mit-weissbiersauce-karotten","title":{"rendered":"Krustebraten mit Wei\u00dfbiersauce &#038; Karotten"},"content":{"rendered":"<p><strong>Ein Maulhelden Klassiker : Krustenbraten<\/strong><\/p>\n<p>Enthalten ist:<\/p>\n<ul>\n<li>200g Krustenbraten vom regionalem Schwein<\/li>\n<li>Neckarm\u00fcller Wei\u00dfbier Sauce<\/li>\n<li>Butter Karotten<\/li>\n<li>Handgeschabte Sp\u00e4tzle<\/li>\n<li>Panko-Schm\u00e4lze<\/li>\n<li>Asia Fusion Rotkohlsalat<\/li>\n<\/ul>\n<p>Fragen zu Allergenen &amp; Zutaten bitte vor Ort kl\u00e4ren<\/p>\n","protected":false},"excerpt":{"rendered":"<p>Ein Maulhelden Klassiker : Krustenbraten Enthalten ist: 200g Krustenbraten vom regionalem Schwein Neckarm\u00fcller Wei\u00dfbier Sauce Butter Karotten Handgeschabte Sp\u00e4tzle Panko-Schm\u00e4lze Asia Fusion Rotkohlsalat Fragen zu Allergenen &amp; Zutaten bitte vor Ort kl\u00e4ren<\/p>\n","protected":false},"featured_media":909,"template":"","meta":[],"_links":{"self":[{"href":"https:\/\/maulhelden.typo38.de\/index.php?rest_route=\/wp\/v2\/product\/908"}],"collection":[{"href":"https:\/\/maulhelden.typo38.de\/index.php?rest_route=\/wp\/v2\/product"}],"about":[{"href":"https:\/\/maulhelden.typo38.de\/index.php?rest_route=\/wp\/v2\/types\/product"}],"wp:featuredmedia":[{"embeddable":true,"href":"https:\/\/maulhelden.typo38.de\/index.php?rest_route=\/wp\/v2\/media\/909"}],"wp:attachment":[{"href":"https:\/\/maulhelden.typo38.de\/index.php?rest_route=%2Fwp%2Fv2%2Fmedia&parent=908"}],"curies":[{"name":"wp","href":"https:\/\/api.w.org\/{rel}","templated":true}]}}