{"id":906,"date":"2021-01-27T23:03:31","date_gmt":"2021-01-27T23:03:31","guid":{"rendered":"https:\/\/shop.restaurant-maulhelden.de\/?post_type=product&#038;p=906"},"modified":"2021-02-18T13:25:39","modified_gmt":"2021-02-18T13:25:39","slug":"maultaschen-vom-albschwein-in-black-angus-bruehe","status":"publish","type":"product","link":"https:\/\/maulhelden.typo38.de\/?product=maultaschen-vom-albschwein-in-black-angus-bruehe","title":{"rendered":"Maultaschen vom Albschwein in Black Angus Br\u00fche"},"content":{"rendered":"<p><strong>Ein Maulhelden Klassiker : Hausgemachte Maultaschen in Black Angus Br\u00fche<\/strong><\/p>\n<p>Enthalten ist:<\/p>\n<ul>\n<li>2 richtig grosse Maultaschen vom Albschwein<\/li>\n<li>380 ml gekl\u00e4rte Black Angus Br\u00fche<\/li>\n<li>Geschm\u00e4lzte Zwiebeln<\/li>\n<li>R\u00f6stzwiebeln<\/li>\n<li>Panko-Schm\u00e4lze<\/li>\n<li>Asia Fusion Rotkohlsalat<\/li>\n<\/ul>\n<p>Fragen zu Allergenen &amp; Zutaten bitte vor Ort kl\u00e4ren<\/p>\n","protected":false},"excerpt":{"rendered":"<p>Ein Maulhelden Klassiker : Hausgemachte Maultaschen in Black Angus Br\u00fche Enthalten ist: 2 richtig grosse Maultaschen vom Albschwein 380 ml gekl\u00e4rte Black Angus Br\u00fche Geschm\u00e4lzte Zwiebeln R\u00f6stzwiebeln Panko-Schm\u00e4lze Asia Fusion Rotkohlsalat Fragen zu Allergenen &amp; Zutaten bitte vor Ort kl\u00e4ren<\/p>\n","protected":false},"featured_media":907,"template":"","meta":[],"_links":{"self":[{"href":"https:\/\/maulhelden.typo38.de\/index.php?rest_route=\/wp\/v2\/product\/906"}],"collection":[{"href":"https:\/\/maulhelden.typo38.de\/index.php?rest_route=\/wp\/v2\/product"}],"about":[{"href":"https:\/\/maulhelden.typo38.de\/index.php?rest_route=\/wp\/v2\/types\/product"}],"wp:featuredmedia":[{"embeddable":true,"href":"https:\/\/maulhelden.typo38.de\/index.php?rest_route=\/wp\/v2\/media\/907"}],"wp:attachment":[{"href":"https:\/\/maulhelden.typo38.de\/index.php?rest_route=%2Fwp%2Fv2%2Fmedia&parent=906"}],"curies":[{"name":"wp","href":"https:\/\/api.w.org\/{rel}","templated":true}]}}