{"id":904,"date":"2021-01-27T23:03:02","date_gmt":"2021-01-27T23:03:02","guid":{"rendered":"https:\/\/shop.restaurant-maulhelden.de\/?post_type=product&#038;p=904"},"modified":"2021-02-18T13:25:55","modified_gmt":"2021-02-18T13:25:55","slug":"rostmaultaschen-vom-albschwein","status":"publish","type":"product","link":"https:\/\/maulhelden.typo38.de\/?product=rostmaultaschen-vom-albschwein","title":{"rendered":"Rostmaultaschen vom Albschwein"},"content":{"rendered":"<p><strong>Ein Maulhelden Klassiker : Rostmaultaschen<\/strong><\/p>\n<p>Enthalten ist:<\/p>\n<ul>\n<li>2 richtig grosse Maultaschen vom Albschwein<\/li>\n<li>dunkle Bratensauce<\/li>\n<li>Geschm\u00e4lzte Zwiebeln<\/li>\n<li>R\u00f6stzwiebeln<\/li>\n<li>Panko-Schm\u00e4lze<\/li>\n<li>Asia Fusion Rotkohlsalat<\/li>\n<\/ul>\n<p>Fragen zu Allergenen &amp; Zutaten bitte vor Ort kl\u00e4ren<\/p>\n","protected":false},"excerpt":{"rendered":"<p>Ein Maulhelden Klassiker : Rostmaultaschen Enthalten ist: 2 richtig grosse Maultaschen vom Albschwein dunkle Bratensauce Geschm\u00e4lzte Zwiebeln R\u00f6stzwiebeln Panko-Schm\u00e4lze Asia Fusion Rotkohlsalat Fragen zu Allergenen &amp; Zutaten bitte vor Ort kl\u00e4ren<\/p>\n","protected":false},"featured_media":905,"template":"","meta":[],"_links":{"self":[{"href":"https:\/\/maulhelden.typo38.de\/index.php?rest_route=\/wp\/v2\/product\/904"}],"collection":[{"href":"https:\/\/maulhelden.typo38.de\/index.php?rest_route=\/wp\/v2\/product"}],"about":[{"href":"https:\/\/maulhelden.typo38.de\/index.php?rest_route=\/wp\/v2\/types\/product"}],"wp:featuredmedia":[{"embeddable":true,"href":"https:\/\/maulhelden.typo38.de\/index.php?rest_route=\/wp\/v2\/media\/905"}],"wp:attachment":[{"href":"https:\/\/maulhelden.typo38.de\/index.php?rest_route=%2Fwp%2Fv2%2Fmedia&parent=904"}],"curies":[{"name":"wp","href":"https:\/\/api.w.org\/{rel}","templated":true}]}}