{"id":179,"date":"2020-11-12T23:31:47","date_gmt":"2020-11-12T23:31:47","guid":{"rendered":"http:\/\/shop.restaurant-maulhelden.de\/?post_type=product&#038;p=179"},"modified":"2021-01-06T13:08:00","modified_gmt":"2021-01-06T13:08:00","slug":"kaesespaetzle-1kg-fuer-2-personen","status":"publish","type":"product","link":"https:\/\/maulhelden.typo38.de\/?product=kaesespaetzle-1kg-fuer-2-personen","title":{"rendered":"K\u00c4SESP\u00c4TZLE VEGETARISCH &#8211; 1KG F\u00dcR 2 PERSONEN"},"content":{"rendered":"<p>Hausgemachte Sp\u00e4tzle mit Macisbl\u00fcte<br \/>\nVerschiedene K\u00e4sesorten \/ Kr\u00e4uter \/ R\u00f6stzwiebeln<\/p>\n<p>Einfach im Beutel erw\u00e4rmen oder in der Pfanne anbraten<br \/>\nBeim Braten ggf. etwas Milch oder Sahne hinzugeben<\/p>\n","protected":false},"excerpt":{"rendered":"<p>Hausgemachte Sp\u00e4tzle mit Macisbl\u00fcte Verschiedene K\u00e4sesorten \/ Kr\u00e4uter \/ R\u00f6stzwiebeln Einfach im Beutel erw\u00e4rmen oder in der Pfanne anbraten Beim Braten ggf. etwas Milch oder Sahne hinzugeben<\/p>\n","protected":false},"featured_media":818,"template":"","meta":[],"_links":{"self":[{"href":"https:\/\/maulhelden.typo38.de\/index.php?rest_route=\/wp\/v2\/product\/179"}],"collection":[{"href":"https:\/\/maulhelden.typo38.de\/index.php?rest_route=\/wp\/v2\/product"}],"about":[{"href":"https:\/\/maulhelden.typo38.de\/index.php?rest_route=\/wp\/v2\/types\/product"}],"wp:featuredmedia":[{"embeddable":true,"href":"https:\/\/maulhelden.typo38.de\/index.php?rest_route=\/wp\/v2\/media\/818"}],"wp:attachment":[{"href":"https:\/\/maulhelden.typo38.de\/index.php?rest_route=%2Fwp%2Fv2%2Fmedia&parent=179"}],"curies":[{"name":"wp","href":"https:\/\/api.w.org\/{rel}","templated":true}]}}