{"id":175,"date":"2020-11-12T23:24:36","date_gmt":"2020-11-12T23:24:36","guid":{"rendered":"http:\/\/shop.restaurant-maulhelden.de\/?post_type=product&#038;p=175"},"modified":"2020-11-14T19:08:24","modified_gmt":"2020-11-14T19:08:24","slug":"beilage-hausgemachte-spaetzle","status":"publish","type":"product","link":"https:\/\/maulhelden.typo38.de\/?product=beilage-hausgemachte-spaetzle","title":{"rendered":"BEILAGE : HAUSGEMACHTE SP\u00c4TZLE"},"content":{"rendered":"<p>HAUSGEMACHTES SP\u00c4TZLE MIT VOLLEI &amp; MACISBL\u00dcTE<br \/>\nEinfach im Wasserbad (mit Beutel) erw\u00e4rmen \/ im Topf hei\u00df machen<\/p>\n<p>60 Minuten bei 100 Grad im Glas eingekocht<br \/>\nGek\u00fchlt &amp; unge\u00f6ffnet mind. 14 Tage haltbar<\/p>\n","protected":false},"excerpt":{"rendered":"<p>1 &#8220;gute&#8221; Portion !<\/p>\n","protected":false},"featured_media":176,"template":"","meta":[],"_links":{"self":[{"href":"https:\/\/maulhelden.typo38.de\/index.php?rest_route=\/wp\/v2\/product\/175"}],"collection":[{"href":"https:\/\/maulhelden.typo38.de\/index.php?rest_route=\/wp\/v2\/product"}],"about":[{"href":"https:\/\/maulhelden.typo38.de\/index.php?rest_route=\/wp\/v2\/types\/product"}],"wp:featuredmedia":[{"embeddable":true,"href":"https:\/\/maulhelden.typo38.de\/index.php?rest_route=\/wp\/v2\/media\/176"}],"wp:attachment":[{"href":"https:\/\/maulhelden.typo38.de\/index.php?rest_route=%2Fwp%2Fv2%2Fmedia&parent=175"}],"curies":[{"name":"wp","href":"https:\/\/api.w.org\/{rel}","templated":true}]}}