{"id":128,"date":"2020-11-10T11:52:18","date_gmt":"2020-11-10T11:52:18","guid":{"rendered":"http:\/\/shop.restaurant-maulhelden.de\/?post_type=product&#038;p=128"},"modified":"2020-11-25T00:13:13","modified_gmt":"2020-11-25T00:13:13","slug":"original-maulhelden-maultaschen-4-stueck","status":"publish","type":"product","link":"https:\/\/maulhelden.typo38.de\/?product=original-maulhelden-maultaschen-4-stueck","title":{"rendered":"ORIGINAL MAULHELDEN MAULTASCHEN &#8211; 4 ST\u00dcCK"},"content":{"rendered":"<p>Die original Maulhelden Maultaschen<\/p>\n<p>Gewicht je Maultasche ca. 150g &#8211; Pro Portion ca. 2 Maultaschen<br \/>\nHandgerollt und sorgsam gegart<br \/>\nPraktisch vakuumiert<\/p>\n<p>Zutaten:<br \/>\nSchweine- &amp; Rindfleisch aus S\u00fcddeutscher Zucht, Rauchfleisch, Senf, Sellerie, Kr\u00e4uter, Salz, Gew\u00fcrze, Vollei, frische Blattpetersilie, Spinat<br \/>\nF\u00fcr den Nudelteig:<br \/>\nWeizenmehl, Hartweizengrie\u00df, Vollei, Eigelb, Salz<\/p>\n","protected":false},"excerpt":{"rendered":"<p>Die original Maulhelden Maultaschen Gewicht je Maultasche ca. 150g &#8211; Pro Portion ca. 2 Maultaschen Handgerollt und sorgsam gegart Praktisch vakuumiert Zutaten: Schweine- &amp; Rindfleisch aus S\u00fcddeutscher Zucht, Rauchfleisch, Senf, Sellerie, Kr\u00e4uter, Salz, Gew\u00fcrze, Vollei, frische Blattpetersilie, Spinat F\u00fcr den Nudelteig: Weizenmehl, Hartweizengrie\u00df, Vollei, Eigelb, Salz<\/p>\n","protected":false},"featured_media":334,"template":"","meta":[],"_links":{"self":[{"href":"https:\/\/maulhelden.typo38.de\/index.php?rest_route=\/wp\/v2\/product\/128"}],"collection":[{"href":"https:\/\/maulhelden.typo38.de\/index.php?rest_route=\/wp\/v2\/product"}],"about":[{"href":"https:\/\/maulhelden.typo38.de\/index.php?rest_route=\/wp\/v2\/types\/product"}],"wp:featuredmedia":[{"embeddable":true,"href":"https:\/\/maulhelden.typo38.de\/index.php?rest_route=\/wp\/v2\/media\/334"}],"wp:attachment":[{"href":"https:\/\/maulhelden.typo38.de\/index.php?rest_route=%2Fwp%2Fv2%2Fmedia&parent=128"}],"curies":[{"name":"wp","href":"https:\/\/api.w.org\/{rel}","templated":true}]}}