{"id":1082,"date":"2021-03-19T08:59:15","date_gmt":"2021-03-19T08:59:15","guid":{"rendered":"https:\/\/shop.restaurant-maulhelden.de\/?post_type=product&#038;p=1082"},"modified":"2021-04-01T06:14:30","modified_gmt":"2021-04-01T06:14:30","slug":"albforellen-menu-mit-baerlauchremoulade-salat","status":"publish","type":"product","link":"https:\/\/maulhelden.typo38.de\/?product=albforellen-menu-mit-baerlauchremoulade-salat","title":{"rendered":"Albforellen Menu &#8211; mit B\u00e4rlauchremoulade &#038; Salat"},"content":{"rendered":"<p><strong>Alb-Forellen aus dem Laucherttal<\/strong><br \/>\n24 Stunden eingelegt in w\u00fcrziger Lake,<br \/>\ndann hausger\u00e4uchert mit Kirsch- &amp; Buchenholz, Wachholder und Lorbeeren.<\/p>\n<p>Vorsichtig im Siegelbeutel verpackt.<\/p>\n<p><strong>Dazu :\u00a0<\/strong><\/p>\n<p><strong>B\u00e4rlauchremoulade &amp; Kartoffel-L\u00f6wenzahn-Salat<\/strong><\/p>\n<p>Zubereitungsempfehlung :<br \/>\nIm Beutel in WARMEN nicht kochendem Wasser erw\u00e4rmen und Lauwarm geniessen.<\/p>\n","protected":false},"excerpt":{"rendered":"<p>Alb-Forellen aus dem Laucherttal 24 Stunden eingelegt in w\u00fcrziger Lake, dann hausger\u00e4uchert mit Kirsch- &amp; Buchenholz, Wachholder und Lorbeeren. Vorsichtig im Siegelbeutel verpackt. Dazu :\u00a0 B\u00e4rlauchremoulade &amp; Kartoffel-L\u00f6wenzahn-Salat Zubereitungsempfehlung : Im Beutel in WARMEN nicht kochendem Wasser erw\u00e4rmen und Lauwarm geniessen.<\/p>\n","protected":false},"featured_media":1081,"template":"","meta":[],"_links":{"self":[{"href":"https:\/\/maulhelden.typo38.de\/index.php?rest_route=\/wp\/v2\/product\/1082"}],"collection":[{"href":"https:\/\/maulhelden.typo38.de\/index.php?rest_route=\/wp\/v2\/product"}],"about":[{"href":"https:\/\/maulhelden.typo38.de\/index.php?rest_route=\/wp\/v2\/types\/product"}],"wp:featuredmedia":[{"embeddable":true,"href":"https:\/\/maulhelden.typo38.de\/index.php?rest_route=\/wp\/v2\/media\/1081"}],"wp:attachment":[{"href":"https:\/\/maulhelden.typo38.de\/index.php?rest_route=%2Fwp%2Fv2%2Fmedia&parent=1082"}],"curies":[{"name":"wp","href":"https:\/\/api.w.org\/{rel}","templated":true}]}}