{"id":107,"date":"2020-11-09T23:02:40","date_gmt":"2020-11-09T23:02:40","guid":{"rendered":"http:\/\/shop.restaurant-maulhelden.de\/?post_type=product&#038;p=107"},"modified":"2021-01-06T13:18:10","modified_gmt":"2021-01-06T13:18:10","slug":"steinpilz-trueffel-rahm","status":"publish","type":"product","link":"https:\/\/maulhelden.typo38.de\/?product=steinpilz-trueffel-rahm","title":{"rendered":"STEINPILZ TR\u00dcFFEL RAHM"},"content":{"rendered":"<p><strong>Rahmsauce mit Steinpilzen &amp; wei\u00dfem Tr\u00fcffel<\/strong><br \/>\nFrische Knochen &amp; Gem\u00fcse \u00fcber Stunden bei 240 Grad ger\u00f6stet,<br \/>\ntomatisiert und mit Rotwein abgel\u00f6scht,<br \/>\nmit frischen Kr\u00e4utern, Kaffee &amp; Worchestershiresauce abgeschmeckt.<br \/>\nAbschlie\u00dfend mit frischer Sahne, reduzierten Steinpilzen und wei\u00dfem Tr\u00fcffel verfeinert<\/p>\n<p>Zutaten:<\/p>\n<p>F\u00fcr die Grundsauce: Rinderknochen, Wasser, Gem\u00fcse (Sellerie, Karotten, Lauch, Zwiebeln), Tomatenmark, Rotwein, Kr\u00e4uter (Petersilie, Thymian, Rosmarin, Koriander), Sherry, Salz, Pfeffer, Wacholderbeeren, Lorbeer<\/p>\n<p>Zus\u00e4tzlich: Sahne, Steinpilze, Sommertr\u00fcffel, Tr\u00fcffel\u00f6l, Gew\u00fcrze<\/p>\n","protected":false},"excerpt":{"rendered":"<p><strong>Rahmsauce mit Steinpilzen &amp; wei\u00dfem Tr\u00fcffel<\/strong><br \/>\nFrische Knochen &amp; Gem\u00fcse \u00fcber Stunden bei 240 Grad ger\u00f6stet,<br \/>\ntomatisiert und mit Rotwein abgel\u00f6scht,<br \/>\nmit frischen Kr\u00e4utern, Kaffee &amp; Worchestershiresauce abgeschmeckt.<br \/>\nAbschlie\u00dfend mit frischer Sahne, reduzierten Steinpilzen und wei\u00dfem Tr\u00fcffel verfeinert<\/p>\n","protected":false},"featured_media":825,"template":"","meta":[],"_links":{"self":[{"href":"https:\/\/maulhelden.typo38.de\/index.php?rest_route=\/wp\/v2\/product\/107"}],"collection":[{"href":"https:\/\/maulhelden.typo38.de\/index.php?rest_route=\/wp\/v2\/product"}],"about":[{"href":"https:\/\/maulhelden.typo38.de\/index.php?rest_route=\/wp\/v2\/types\/product"}],"wp:featuredmedia":[{"embeddable":true,"href":"https:\/\/maulhelden.typo38.de\/index.php?rest_route=\/wp\/v2\/media\/825"}],"wp:attachment":[{"href":"https:\/\/maulhelden.typo38.de\/index.php?rest_route=%2Fwp%2Fv2%2Fmedia&parent=107"}],"curies":[{"name":"wp","href":"https:\/\/api.w.org\/{rel}","templated":true}]}}