{"id":1065,"date":"2021-03-13T10:35:09","date_gmt":"2021-03-13T10:35:09","guid":{"rendered":"https:\/\/shop.restaurant-maulhelden.de\/?post_type=product&#038;p=1065"},"modified":"2021-03-13T10:35:10","modified_gmt":"2021-03-13T10:35:10","slug":"mirror-chocolate-bonbons-3-stueck","status":"publish","type":"product","link":"https:\/\/maulhelden.typo38.de\/?product=mirror-chocolate-bonbons-3-stueck","title":{"rendered":"Mirror Chocolate Bonbons 3 St\u00fcck"},"content":{"rendered":"<p>&#8220;Ebbes s\u00fc\u00dfes braucht der Mensch&#8221;<\/p>\n<p>Mirror Chocolate Bonbons, handgemacht<br \/>\nmit Airbrush &amp; Pinsel handgemalt, beste Callebaut Schokolade.<\/p>\n<p>Wie unsere Chefin sagen w\u00fcrde : &#8220;Das Leben ist zu kurz f\u00fcr Di\u00e4ten&#8221;<\/p>\n","protected":false},"excerpt":{"rendered":"<p>&#8220;Ebbes s\u00fc\u00dfes braucht der Mensch&#8221; Mirror Chocolate Bonbons, handgemacht mit Airbrush &amp; Pinsel handgemalt, beste Callebaut Schokolade. Wie unsere Chefin sagen w\u00fcrde : &#8220;Das Leben ist zu kurz f\u00fcr Di\u00e4ten&#8221;<\/p>\n","protected":false},"featured_media":1066,"template":"","meta":[],"_links":{"self":[{"href":"https:\/\/maulhelden.typo38.de\/index.php?rest_route=\/wp\/v2\/product\/1065"}],"collection":[{"href":"https:\/\/maulhelden.typo38.de\/index.php?rest_route=\/wp\/v2\/product"}],"about":[{"href":"https:\/\/maulhelden.typo38.de\/index.php?rest_route=\/wp\/v2\/types\/product"}],"wp:featuredmedia":[{"embeddable":true,"href":"https:\/\/maulhelden.typo38.de\/index.php?rest_route=\/wp\/v2\/media\/1066"}],"wp:attachment":[{"href":"https:\/\/maulhelden.typo38.de\/index.php?rest_route=%2Fwp%2Fv2%2Fmedia&parent=1065"}],"curies":[{"name":"wp","href":"https:\/\/api.w.org\/{rel}","templated":true}]}}