{"id":103,"date":"2020-11-09T22:58:51","date_gmt":"2020-11-09T22:58:51","guid":{"rendered":"http:\/\/shop.restaurant-maulhelden.de\/?post_type=product&#038;p=103"},"modified":"2021-01-06T13:18:45","modified_gmt":"2021-01-06T13:18:45","slug":"dunkle-bratensauce","status":"publish","type":"product","link":"https:\/\/maulhelden.typo38.de\/?product=dunkle-bratensauce","title":{"rendered":"DUNKLE BRATENSAUCE"},"content":{"rendered":"<p>Dunkle Bratensauce<br \/>\nFrische Knochen &amp; Gem\u00fcse \u00fcber Stunden bei 240 Grad ger\u00f6stet,<br \/>\ntomatisiert und mit Rotwein abgel\u00f6scht.<br \/>\nAbschlie\u00dfend mit frischen Kr\u00e4utern, Kaffee &amp; Worchestershiresauce abgeschmeckt.<\/p>\n<p>Zutaten:<\/p>\n<p>Rinderknochen, Wasser, Gem\u00fcse (Sellerie, Karotten, Lauch, Zwiebeln), Tomatenmark, Rotwein, Kr\u00e4uter (Petersilie, Thymian, Rosmarin, Koriander), Sherry, Salz, Pfeffer, Wacholderbeeren, Lorbeer<\/p>\n","protected":false},"excerpt":{"rendered":"<p>Dunkle Bratensauce<br \/>\nFrische Knochen &amp; Gem\u00fcse \u00fcber Stunden bei 240 Grad ger\u00f6stet<br \/>\nTomatisiert und mit Rotwein abgel\u00f6scht<br \/>\nMit frischen Kr\u00e4utern, Kaffee &amp; Wircestershiresauce abgeschmeckt.<\/p>\n<p><em>Preis zzgl. 1 \u20ac Pfand f\u00fcr Glas &amp; Deckel<\/em><\/p>\n","protected":false},"featured_media":826,"template":"","meta":[],"_links":{"self":[{"href":"https:\/\/maulhelden.typo38.de\/index.php?rest_route=\/wp\/v2\/product\/103"}],"collection":[{"href":"https:\/\/maulhelden.typo38.de\/index.php?rest_route=\/wp\/v2\/product"}],"about":[{"href":"https:\/\/maulhelden.typo38.de\/index.php?rest_route=\/wp\/v2\/types\/product"}],"wp:featuredmedia":[{"embeddable":true,"href":"https:\/\/maulhelden.typo38.de\/index.php?rest_route=\/wp\/v2\/media\/826"}],"wp:attachment":[{"href":"https:\/\/maulhelden.typo38.de\/index.php?rest_route=%2Fwp%2Fv2%2Fmedia&parent=103"}],"curies":[{"name":"wp","href":"https:\/\/api.w.org\/{rel}","templated":true}]}}